{"id":340,"date":"2020-07-12T10:15:52","date_gmt":"2020-07-12T10:15:52","guid":{"rendered":"http:\/\/www.dental-line.rs\/?page_id=340"},"modified":"2021-05-17T07:37:33","modified_gmt":"2021-05-17T07:37:33","slug":"ortodoncija","status":"publish","type":"page","link":"https:\/\/www.dental-line.rs\/en\/ortodoncija\/","title":{"rendered":"Orthodontics"},"content":{"rendered":"<h2 class=\"has-text-align-center has-cyan-bluish-gray-background-color has-background wp-block-heading\">Orthodontics<\/h2>\n\n\n\n<div class=\"wp-block-ugb-divider ugb-divider ugb-45eea75 ugb-divider--v2 ugb-divider--design-basic ugb-main-block\"><style>.ugb-45eea75 hr.ugb-divider__hr{background-color:#0693e3 !important;width:65% !important;margin-left:auto !important;margin-right:auto !important}<\/style><div class=\"ugb-inner-block\"><div class=\"ugb-block-content\"><hr class=\"ugb-divider__hr\"\/><\/div><\/div><\/div>\n\n\n\n<div class=\"wp-block-cover has-background-dim\" style=\"min-height:262px;aspect-ratio:unset;\"><img decoding=\"async\" class=\"wp-block-cover__image-background wp-image-621\" alt=\"\" src=\"http:\/\/media1.dental-line.rs\/2021\/02\/fiksna-proteza-1.jpg\" data-object-fit=\"cover\"\/><div class=\"wp-block-cover__inner-container is-layout-flow wp-block-cover-is-layout-flow\">\n<p class=\"has-text-align-center has-large-font-size\"><\/p>\n<\/div><\/div>\n\n\n\n<div class=\"wp-block-ugb-heading ugb-heading ugb-fdfb85d ugb-main-block\"><style>.ugb-fdfb85d .ugb-heading__title{font-family:-apple-system,BlinkMacSystemFont,\"Segoe UI\",Roboto,Helvetica,Arial,sans-serif,\"Apple Color Emoji\",\"Segoe UI Emoji\",\"Segoe UI Symbol\" !important;font-size:38px !important}.ugb-fdfb85d .ugb-heading__subtitle{font-family:-apple-system,BlinkMacSystemFont,\"Segoe UI\",Roboto,Helvetica,Arial,sans-serif,\"Apple Color Emoji\",\"Segoe UI Emoji\",\"Segoe UI Symbol\" !important;font-size:18px !important}<\/style><div class=\"ugb-inner-block\"><div class=\"ugb-block-content\"><p class=\"ugb-heading__subtitle\">Modern orthodontics today provides us with extraordinary possibilities in the correction of various orthodontic irregularities. They are used in the treatment of jaw and tooth irregularities <strong>fixed and mobile appliances <\/strong>depending on the type of abnormality and the age of the patient. Early examination by an orthodontist allows the problem to be detected in time, properly diagnosed and appropriate therapy planned. Orthodontic therapy with the mutual cooperation of the patient and the dentist gives an excellent result. Orthodontic therapy is not limited by the patient's age.<br>&nbsp;<br><strong>Splints (so-called night guard)<\/strong> they are most often used in the case of bruxism (unconscious gnashing of teeth) most often during the night and bruxomania (conscious gnashing of teeth in the waking state). They are used in order to reduce abrasion and protection of dental tissues, reduce the load on the supporting tissues of the teeth and reduce better in the jaw muscles.<br>&nbsp;<br>They are also used by athletes to reduce the possibility of tooth injury and wear (usually only the upper jaw).<br>&nbsp;<br><strong>Retention splint (retention foil)<\/strong><br>&nbsp;<br>After the completion of orthodontic therapy, it is necessary to make a retention splint in order to prevent the possible return of the tooth to the position before the placement of the fixed prosthesis.<\/p><\/div><\/div><\/div>\n\n\n\n<div class=\"wp-block-ugb-spacer ugb-spacer ugb-1977a40 ugb-spacer--v2 ugb-main-block\"><div class=\"ugb-inner-block\"><div class=\"ugb-block-content\"><div class=\"ugb-spacer--inner\"><\/div><\/div><\/div><\/div>","protected":false},"excerpt":{"rendered":"<p>Ortodoncija Savremena ortodoncija danas nam pru\u017ea izvanredne mogu\u0107nosti u korekcijama razli\u010ditih ortodontskih nepravilnosti. U le\u010denju nepravilnosti vilica I zuba koriste se fiksni I pokretni aparati zavisno od vrste nepravilnosti I uzrasta pacijenta. Rani pregled kod ortodonta omogu\u0107ava da se problem otkrije na vreme, pravilno dijagnostikuje I planira odgovaraju\u0107a terapija. Ortodontska terapija uz obostranu saradnju pacijenta [&hellip;]<\/p>\n","protected":false},"author":1,"featured_media":0,"parent":0,"menu_order":0,"comment_status":"closed","ping_status":"closed","template":"","meta":{"om_disable_all_campaigns":false,"_monsterinsights_skip_tracking":false,"_monsterinsights_sitenote_active":false,"_monsterinsights_sitenote_note":"","_monsterinsights_sitenote_category":0,"site-sidebar-layout":"default","site-content-layout":"boxed-container","ast-site-content-layout":"default","site-content-style":"default","site-sidebar-style":"default","ast-global-header-display":"","ast-banner-title-visibility":"","ast-main-header-display":"","ast-hfb-above-header-display":"","ast-hfb-below-header-display":"","ast-hfb-mobile-header-display":"","site-post-title":"disabled","ast-breadcrumbs-content":"","ast-featured-img":"","footer-sml-layout":"","ast-disable-related-posts":"","theme-transparent-header-meta":"default","adv-header-id-meta":"","stick-header-meta":"","header-above-stick-meta":"","header-main-stick-meta":"","header-below-stick-meta":"","astra-migrate-meta-layouts":"default","ast-page-background-enabled":"default","ast-page-background-meta":{"desktop":{"background-color":"","background-image":"","background-repeat":"repeat","background-position":"center center","background-size":"auto","background-attachment":"scroll","background-type":"","background-media":"","overlay-type":"","overlay-color":"","overlay-opacity":"","overlay-gradient":""},"tablet":{"background-color":"","background-image":"","background-repeat":"repeat","background-position":"center center","background-size":"auto","background-attachment":"scroll","background-type":"","background-media":"","overlay-type":"","overlay-color":"","overlay-opacity":"","overlay-gradient":""},"mobile":{"background-color":"","background-image":"","background-repeat":"repeat","background-position":"center center","background-size":"auto","background-attachment":"scroll","background-type":"","background-media":"","overlay-type":"","overlay-color":"","overlay-opacity":"","overlay-gradient":""}},"ast-content-background-meta":{"desktop":{"background-color":"var(--ast-global-color-5)","background-image":"","background-repeat":"repeat","background-position":"center center","background-size":"auto","background-attachment":"scroll","background-type":"","background-media":"","overlay-type":"","overlay-color":"","overlay-opacity":"","overlay-gradient":""},"tablet":{"background-color":"var(--ast-global-color-5)","background-image":"","background-repeat":"repeat","background-position":"center center","background-size":"auto","background-attachment":"scroll","background-type":"","background-media":"","overlay-type":"","overlay-color":"","overlay-opacity":"","overlay-gradient":""},"mobile":{"background-color":"var(--ast-global-color-5)","background-image":"","background-repeat":"repeat","background-position":"center center","background-size":"auto","background-attachment":"scroll","background-type":"","background-media":"","overlay-type":"","overlay-color":"","overlay-opacity":"","overlay-gradient":""}},"footnotes":""},"class_list":["post-340","page","type-page","status-publish","hentry"],"featured_image_urls_v2":{"full":"","thumbnail":"","medium":"","medium_large":"","large":"","wpsm_testi_small":"","1536x1536":"","2048x2048":"","trp-custom-language-flag":""},"post_excerpt_stackable_v2":"<p>Ortodoncija Savremena ortodoncija danas nam pru\u017ea izvanredne mogu\u0107nosti u korekcijama razli\u010ditih ortodontskih nepravilnosti. U le\u010denju nepravilnosti vilica I zuba koriste se fiksni I pokretni aparati zavisno od vrste nepravilnosti I uzrasta pacijenta. Rani pregled kod ortodonta omogu\u0107ava da se problem otkrije na vreme, pravilno dijagnostikuje I planira odgovaraju\u0107a terapija. Ortodontska terapija uz obostranu saradnju pacijenta I stomatologa daje odli\u010dan rezultat. Ortodontska terapija nije ograni\u010dena zivotnim dobom pacijenta.&nbsp;Splintovi (tzv. night guard) naj\u010de\u0161\u0107e se koriste u slu\u010daju bruksizma (nesvesno \u0161kripanje zubima) naj\u010de\u0161\u0107e u toku no\u0107i I bruksomanije (svesno \u0161kripanje zubima u budnom stanju). Koriste se u cilju smanjenja abrazije I za\u0161tite zubnih&hellip;<\/p>\n","category_list_v2":"","author_info_v2":{"name":"dentalline","url":"https:\/\/www.dental-line.rs\/en\/author\/dentalline\/"},"comments_num_v2":"0 comments","featured_image_src":null,"aioseo_notices":[],"_links":{"self":[{"href":"https:\/\/www.dental-line.rs\/en\/wp-json\/wp\/v2\/pages\/340","targetHints":{"allow":["GET"]}}],"collection":[{"href":"https:\/\/www.dental-line.rs\/en\/wp-json\/wp\/v2\/pages"}],"about":[{"href":"https:\/\/www.dental-line.rs\/en\/wp-json\/wp\/v2\/types\/page"}],"author":[{"embeddable":true,"href":"https:\/\/www.dental-line.rs\/en\/wp-json\/wp\/v2\/users\/1"}],"replies":[{"embeddable":true,"href":"https:\/\/www.dental-line.rs\/en\/wp-json\/wp\/v2\/comments?post=340"}],"version-history":[{"count":11,"href":"https:\/\/www.dental-line.rs\/en\/wp-json\/wp\/v2\/pages\/340\/revisions"}],"predecessor-version":[{"id":1068,"href":"https:\/\/www.dental-line.rs\/en\/wp-json\/wp\/v2\/pages\/340\/revisions\/1068"}],"wp:attachment":[{"href":"https:\/\/www.dental-line.rs\/en\/wp-json\/wp\/v2\/media?parent=340"}],"curies":[{"name":"wp","href":"https:\/\/api.w.org\/{rel}","templated":true}]}}