{"id":349,"date":"2020-08-26T14:08:16","date_gmt":"2020-08-26T14:08:16","guid":{"rendered":"http:\/\/www.dental-line.rs\/?page_id=349"},"modified":"2021-05-17T07:33:11","modified_gmt":"2021-05-17T07:33:11","slug":"bolesti-zuba","status":"publish","type":"page","link":"https:\/\/www.dental-line.rs\/en\/bolesti-zuba\/","title":{"rendered":"Teeth illness"},"content":{"rendered":"<h2 class=\"has-text-align-center has-cyan-bluish-gray-background-color has-text-color has-background has-large-font-size wp-block-heading\" style=\"color:#0644e5\">Teeth illness<\/h2>\n\n\n\n<div class=\"wp-block-ugb-divider ugb-divider ugb-372eadc ugb-divider--v2 ugb-divider--design-bar ugb-main-block\"><style>.ugb-372eadc .ugb-block-content{margin-top:8px !important;margin-bottom:8px !important}.ugb-372eadc hr.ugb-divider__hr{background-color:#0693e3 !important;height:1px !important;width:65% !important;margin-left:auto !important;margin-right:auto !important;border-radius:calc(1px \/ 2) !important}.ugb-372eadc .ugb-inner-block{text-align:center}@media screen and (min-width:768px){.ugb-372eadc.ugb-divider{margin-top:15px !important}}<\/style><div class=\"ugb-inner-block\"><div class=\"ugb-block-content\"><hr class=\"ugb-divider__hr\"\/><\/div><\/div><\/div>\n\n\n\n<div class=\"wp-block-media-text alignwide has-media-on-the-right is-stacked-on-mobile is-image-fill\" style=\"grid-template-columns:auto 38%\"><figure class=\"wp-block-media-text__media\" style=\"background-image:url(http:\/\/media1.dental-line.rs\/2021\/02\/karijes-veliki-1-1024x676.jpg);background-position:30% 50%\"><img loading=\"lazy\" decoding=\"async\" width=\"1024\" height=\"676\" src=\"http:\/\/media1.dental-line.rs\/2021\/02\/karijes-veliki-1-1024x676.jpg\" alt=\"\" class=\"wp-image-581 size-large\"\/><\/figure><div class=\"wp-block-media-text__content\">\n<p style=\"font-size:28px\">Dental caries<\/p>\n\n\n\n<p style=\"font-size:17px\">It occurs as a consequence of the action of bacterial dental plaque that accumulates due to inadequate oral hygiene. Over time, to a greater or lesser extent, tooth tissue is destroyed. The resulting defects are disposed of by placing appropriate amalgam or composite fillings.<\/p>\n\n\n\n<p style=\"font-size:17px\">Sometimes, due to many causes, tooth disease can occur where the pulp is affected. These diseases are almost always accompanied by pain. It often seems to you that because of this the tooth is ready to be extracted and that it is the only medicine. However, endodontic treatment (treatment of the root canal) is usually necessary to remove infected, traumatized or dead pulp.<br>Ovo je izuzetno bitna terapijska procedura\u00a0 koja omogu\u0107ava da izle\u010dite zub, re\u0161ite se bola I sa\u010duvate svoj zub u ustima.<br><br><strong>Remember, your new tooth will not go down after losing a permanent one.<\/strong><\/p>\n<\/div><\/div>\n\n\n\n<div class=\"wp-block-ugb-spacer ugb-spacer ugb-dd7aca1 ugb-spacer--v2 ugb-main-block\"><div class=\"ugb-inner-block\"><div class=\"ugb-block-content\"><div class=\"ugb-spacer--inner\"><\/div><\/div><\/div><\/div>","protected":false},"excerpt":{"rendered":"<p>Bolesti zuba i endodoncija (karijes) Zubni karijes Nastaje kao posledica delovanja bakterijskog zubnog plaka koji se nakuplja usled&nbsp; neadekvatne oralne higijene. Tokom vremena, u manjem ili ve\u0107em obimu, dolazi do razaranja zubnog tkiva. Nastali defekti se zbrinjavaju postavljanjem odgovaraju\u0107ih amalgamskih ili kompozitnih ispuna. Ponekad zbog mnogobrojnih uzroka moze do\u0107i do oboljenja zuba gde je zahva\u0107ena [&hellip;]<\/p>\n","protected":false},"author":1,"featured_media":0,"parent":0,"menu_order":0,"comment_status":"closed","ping_status":"closed","template":"","meta":{"om_disable_all_campaigns":false,"_monsterinsights_skip_tracking":false,"_monsterinsights_sitenote_active":false,"_monsterinsights_sitenote_note":"","_monsterinsights_sitenote_category":0,"site-sidebar-layout":"right-sidebar","site-content-layout":"boxed-container","ast-site-content-layout":"default","site-content-style":"default","site-sidebar-style":"default","ast-global-header-display":"","ast-banner-title-visibility":"","ast-main-header-display":"","ast-hfb-above-header-display":"","ast-hfb-below-header-display":"","ast-hfb-mobile-header-display":"","site-post-title":"disabled","ast-breadcrumbs-content":"","ast-featured-img":"","footer-sml-layout":"","ast-disable-related-posts":"","theme-transparent-header-meta":"default","adv-header-id-meta":"","stick-header-meta":"","header-above-stick-meta":"","header-main-stick-meta":"","header-below-stick-meta":"","astra-migrate-meta-layouts":"default","ast-page-background-enabled":"default","ast-page-background-meta":{"desktop":{"background-color":"","background-image":"","background-repeat":"repeat","background-position":"center center","background-size":"auto","background-attachment":"scroll","background-type":"","background-media":"","overlay-type":"","overlay-color":"","overlay-opacity":"","overlay-gradient":""},"tablet":{"background-color":"","background-image":"","background-repeat":"repeat","background-position":"center center","background-size":"auto","background-attachment":"scroll","background-type":"","background-media":"","overlay-type":"","overlay-color":"","overlay-opacity":"","overlay-gradient":""},"mobile":{"background-color":"","background-image":"","background-repeat":"repeat","background-position":"center center","background-size":"auto","background-attachment":"scroll","background-type":"","background-media":"","overlay-type":"","overlay-color":"","overlay-opacity":"","overlay-gradient":""}},"ast-content-background-meta":{"desktop":{"background-color":"var(--ast-global-color-5)","background-image":"","background-repeat":"repeat","background-position":"center center","background-size":"auto","background-attachment":"scroll","background-type":"","background-media":"","overlay-type":"","overlay-color":"","overlay-opacity":"","overlay-gradient":""},"tablet":{"background-color":"var(--ast-global-color-5)","background-image":"","background-repeat":"repeat","background-position":"center center","background-size":"auto","background-attachment":"scroll","background-type":"","background-media":"","overlay-type":"","overlay-color":"","overlay-opacity":"","overlay-gradient":""},"mobile":{"background-color":"var(--ast-global-color-5)","background-image":"","background-repeat":"repeat","background-position":"center center","background-size":"auto","background-attachment":"scroll","background-type":"","background-media":"","overlay-type":"","overlay-color":"","overlay-opacity":"","overlay-gradient":""}},"footnotes":""},"class_list":["post-349","page","type-page","status-publish","hentry"],"featured_image_urls_v2":{"full":"","thumbnail":"","medium":"","medium_large":"","large":"","wpsm_testi_small":"","1536x1536":"","2048x2048":"","trp-custom-language-flag":""},"post_excerpt_stackable_v2":"<p>Bolesti zuba i endodoncija (karijes) Zubni karijes Nastaje kao posledica delovanja bakterijskog zubnog plaka koji se nakuplja usled&nbsp; neadekvatne oralne higijene. Tokom vremena, u manjem ili ve\u0107em obimu, dolazi do razaranja zubnog tkiva. Nastali defekti se zbrinjavaju postavljanjem odgovaraju\u0107ih amalgamskih ili kompozitnih ispuna. Ponekad zbog mnogobrojnih uzroka moze do\u0107i do oboljenja zuba gde je zahva\u0107ena pulpa. Ova oboljenja su skoro uvek pra\u0107ena bolom. \u010cesto vam se cini da je zbog toga zub spreman za va\u0111enje I da je to jedini lek. Me\u0111utim, uglavnom je neophodan endodonski trentman (le\u010denje kanala korena zuba) pri \u010demu se uklanja inficirana, traumatizovana ili mrtva pulpaOvo&hellip;<\/p>\n","category_list_v2":"","author_info_v2":{"name":"dentalline","url":"https:\/\/www.dental-line.rs\/en\/author\/dentalline\/"},"comments_num_v2":"0 comments","featured_image_src":null,"aioseo_notices":[],"_links":{"self":[{"href":"https:\/\/www.dental-line.rs\/en\/wp-json\/wp\/v2\/pages\/349","targetHints":{"allow":["GET"]}}],"collection":[{"href":"https:\/\/www.dental-line.rs\/en\/wp-json\/wp\/v2\/pages"}],"about":[{"href":"https:\/\/www.dental-line.rs\/en\/wp-json\/wp\/v2\/types\/page"}],"author":[{"embeddable":true,"href":"https:\/\/www.dental-line.rs\/en\/wp-json\/wp\/v2\/users\/1"}],"replies":[{"embeddable":true,"href":"https:\/\/www.dental-line.rs\/en\/wp-json\/wp\/v2\/comments?post=349"}],"version-history":[{"count":31,"href":"https:\/\/www.dental-line.rs\/en\/wp-json\/wp\/v2\/pages\/349\/revisions"}],"predecessor-version":[{"id":1091,"href":"https:\/\/www.dental-line.rs\/en\/wp-json\/wp\/v2\/pages\/349\/revisions\/1091"}],"wp:attachment":[{"href":"https:\/\/www.dental-line.rs\/en\/wp-json\/wp\/v2\/media?parent=349"}],"curies":[{"name":"wp","href":"https:\/\/api.w.org\/{rel}","templated":true}]}}