{"id":352,"date":"2020-07-15T09:43:25","date_gmt":"2020-07-15T09:43:25","guid":{"rendered":"http:\/\/www.dental-line.rs\/?page_id=352"},"modified":"2021-03-24T10:59:45","modified_gmt":"2021-03-24T10:59:45","slug":"estetska-stomatologija","status":"publish","type":"page","link":"https:\/\/www.dental-line.rs\/en\/estetska-stomatologija\/","title":{"rendered":"Aesthetic dentistry"},"content":{"rendered":"<h2 class=\"has-text-align-center has-cyan-bluish-gray-background-color has-background wp-block-heading\"><span style=\"color: #0669e5;\" class=\"ugb-highlight\">Aesthetic dentistry<\/span><\/h2>\n\n\n\n<div class=\"wp-block-ugb-divider ugb-divider ugb-72e9948 ugb-divider--v2 ugb-divider--design-basic ugb-main-block\"><style>.ugb-72e9948 .ugb-block-content{margin-top:19px !important;margin-bottom:19px !important}.ugb-72e9948 hr.ugb-divider__hr{background-color:#0693e3 !important;width:65% !important;margin-left:auto !important;margin-right:auto !important}@media screen and (min-width:768px){.ugb-72e9948.ugb-divider{margin-bottom:-88px !important}}<\/style><div class=\"ugb-inner-block\"><div class=\"ugb-block-content\"><hr class=\"ugb-divider__hr\"\/><\/div><\/div><\/div>\n\n\n\n<div class=\"wp-block-media-text alignwide has-media-on-the-right is-stacked-on-mobile is-vertically-aligned-center\" style=\"grid-template-columns:auto 47%\"><figure class=\"wp-block-media-text__media\"><img loading=\"lazy\" decoding=\"async\" width=\"1024\" height=\"683\" src=\"http:\/\/media1.dental-line.rs\/2021\/02\/profi-izbeljivanje-1-1024x683.jpeg\" alt=\"\" class=\"wp-image-594 size-full\"\/><\/figure><div class=\"wp-block-media-text__content\">\n<div class=\"wp-block-ugb-text ugb-text ugb-8e5c218 ugb-text--design-plain ugb-text--columns-1 ugb-main-block\"><style>.ugb-8e5c218 .ugb-text__text p{font-size:18px !important}.ugb-8e5c218 .ugb-text__text{margin-bottom:0px !important}.ugb-8e5c218.ugb-text{min-height:0px;align-items:center}@media screen and (min-width:768px){.ugb-8e5c218.ugb-text{margin-top:97px !important;margin-bottom:-136px !important;margin-right:117px !important;margin-left:-12px !important;padding-top:0px !important;padding-right:0px !important;padding-bottom:113px !important;padding-left:72px !important}}@media screen and (-ms-high-contrast:active),screen and (-ms-high-contrast:none){.ugb-8e5c218.ugb-text{height:0px}}@media screen and (min-width:768px){.ugb-8e5c218 > .ugb-inner-block > .ugb-block-content > *{padding-top:0px !important;padding-bottom:0px !important;padding-right:0px !important;padding-left:0px !important}}<\/style><div class=\"ugb-inner-block\"><div class=\"ugb-block-content\"><div class=\"ugb-text__text-wrapper\"><div class=\"ugb-text__text\"><p class=\"ugb-text__text-1\">Your smile speaks more about you than any other physical trait.<br>&nbsp;<br>A smile is the first thing that people around you notice, and if it is beautiful, it gives you self-confidence and influences more open and better communication with others. Over the years, the teeth change color, ie. yellow. This is contributed by smoking as well as consuming various colored beverages, coffee, tea, wine\u2026<br>&nbsp;<br>If you are dissatisfied with the color of your teeth, or have an avital tooth (stained tooth), whitening is a way to solve the problem.<br>&nbsp;<br>Teeth whitening is a painless procedure whose goal is to achieve an individual white optimum that looks natural. The results are individual, from person to person, depending on the color of your teeth, habits, whitening methods and many other factors.<br>&nbsp;<br>The bleaching process itself is performed in a completely healthy and sanitized mouth. Before whitening, it is necessary to see a dentist who determines the current condition and recommends an appropriate method.<br>&nbsp;<br><\/p><\/div><\/div><\/div><\/div><\/div>\n\n\n\n<p class=\"has-text-align-left has-normal-font-size\">      <\/p>\n<\/div><\/div>\n\n\n\n<div class=\"alignwide wp-block-ugb-text ugb-text ugb-c2bf02c ugb-text--design-side-title-2 ugb-text--columns-2 ugb-text--has-rule ugb-main-block\"><style>.ugb-c2bf02c .ugb-text__rule{background:#0693e3 !important;width:1px !important}.ugb-c2bf02c .ugb-text__title{color:var(--stk-global-color-88711,#313131);text-align:left}.ugb-c2bf02c .ugb-text__subtitle{font-size:36px !important}.ugb-c2bf02c .ugb-text__text p{font-size:18px !important;color:#000000}.ugb-c2bf02c .ugb-text__text{margin-bottom:20px !important}.ugb-c2bf02c .ugb-inner-block{text-align:left}@media screen and (min-width:768px){.ugb-c2bf02c.ugb-text{padding-top:5% !important;padding-bottom:5% !important}}@media screen and (min-width:768px){.ugb-c2bf02c > .ugb-inner-block > .ugb-block-content > *{padding-top:0px !important;padding-bottom:0px !important;padding-right:0px !important;padding-left:0px !important}}<\/style><div class=\"ugb-inner-block\"><div class=\"ugb-block-content\"><div class=\"ugb-text__title-wrapper\"><p class=\"ugb-text__subtitle\">Teeth whitening methods<\/p><\/div><div class=\"ugb-text__text-wrapper\"><div class=\"ugb-text__text\"><p class=\"ugb-text__text-1\"><strong>Whitening at dentist<\/strong> is carried out in the office itself, usually in one visit, with the use of highly concentrated gels (carbamide peroxide or hydrogen peroxide) with mandatory protection of the tooth environment, ie. right. This method resulted in a rapid change in tooth color.<\/p><\/div><div class=\"ugb-text__rule ugb-text__rule-1\" role=\"presentation\"><\/div><div class=\"ugb-text__text\"><p class=\"ugb-text__text-2\"><strong>Home teeth whitening<\/strong> it is performed by applying preparations of lower concentrations and the procedure itself takes longer. The dentist in the office takes an impression of your teeth and based on them makes individual trays (splints) in which you place the gel. You can get instructions on how to use the splint, the amount of gel you put on and the wearing time during the day in the office. Periodic inspections are necessary during the process.<\/p><\/div><\/div><\/div><\/div><\/div>\n\n\n\n<div class=\"wp-block-ugb-spacer ugb-spacer ugb-b6ef64d ugb-spacer--v2 ugb-main-block\"><div class=\"ugb-inner-block\"><div class=\"ugb-block-content\"><div class=\"ugb-spacer--inner\"><\/div><\/div><\/div><\/div>","protected":false},"excerpt":{"rendered":"<p>Estetska stomatologija Metode izbeljivanja zuba Ordinacijsko izbeljivanje se sprovodi u samoj ordinaciji, obi\u010dno u jednoj poseti, uz primenu visoko koncentrovanih gelova (karbamid peroksid ili vodonik peroksid) uz obaveznu za\u0161titu okoline zuba, tj. desni. Ovom metodom se dobija brza promena boje zuba. Ku\u0107no beljenje zuba obavlja se primenom preparata ni\u017eih koncentracija I sam postupak traje du\u017ee. [&hellip;]<\/p>\n","protected":false},"author":1,"featured_media":0,"parent":0,"menu_order":0,"comment_status":"closed","ping_status":"closed","template":"","meta":{"om_disable_all_campaigns":false,"_monsterinsights_skip_tracking":false,"_monsterinsights_sitenote_active":false,"_monsterinsights_sitenote_note":"","_monsterinsights_sitenote_category":0,"site-sidebar-layout":"default","site-content-layout":"boxed-container","ast-site-content-layout":"default","site-content-style":"default","site-sidebar-style":"default","ast-global-header-display":"","ast-banner-title-visibility":"","ast-main-header-display":"","ast-hfb-above-header-display":"","ast-hfb-below-header-display":"","ast-hfb-mobile-header-display":"","site-post-title":"disabled","ast-breadcrumbs-content":"","ast-featured-img":"","footer-sml-layout":"","ast-disable-related-posts":"","theme-transparent-header-meta":"default","adv-header-id-meta":"","stick-header-meta":"","header-above-stick-meta":"","header-main-stick-meta":"","header-below-stick-meta":"","astra-migrate-meta-layouts":"default","ast-page-background-enabled":"default","ast-page-background-meta":{"desktop":{"background-color":"","background-image":"","background-repeat":"repeat","background-position":"center center","background-size":"auto","background-attachment":"scroll","background-type":"","background-media":"","overlay-type":"","overlay-color":"","overlay-opacity":"","overlay-gradient":""},"tablet":{"background-color":"","background-image":"","background-repeat":"repeat","background-position":"center center","background-size":"auto","background-attachment":"scroll","background-type":"","background-media":"","overlay-type":"","overlay-color":"","overlay-opacity":"","overlay-gradient":""},"mobile":{"background-color":"","background-image":"","background-repeat":"repeat","background-position":"center center","background-size":"auto","background-attachment":"scroll","background-type":"","background-media":"","overlay-type":"","overlay-color":"","overlay-opacity":"","overlay-gradient":""}},"ast-content-background-meta":{"desktop":{"background-color":"var(--ast-global-color-5)","background-image":"","background-repeat":"repeat","background-position":"center center","background-size":"auto","background-attachment":"scroll","background-type":"","background-media":"","overlay-type":"","overlay-color":"","overlay-opacity":"","overlay-gradient":""},"tablet":{"background-color":"var(--ast-global-color-5)","background-image":"","background-repeat":"repeat","background-position":"center center","background-size":"auto","background-attachment":"scroll","background-type":"","background-media":"","overlay-type":"","overlay-color":"","overlay-opacity":"","overlay-gradient":""},"mobile":{"background-color":"var(--ast-global-color-5)","background-image":"","background-repeat":"repeat","background-position":"center center","background-size":"auto","background-attachment":"scroll","background-type":"","background-media":"","overlay-type":"","overlay-color":"","overlay-opacity":"","overlay-gradient":""}},"footnotes":""},"class_list":["post-352","page","type-page","status-publish","hentry"],"featured_image_urls_v2":{"full":"","thumbnail":"","medium":"","medium_large":"","large":"","wpsm_testi_small":"","1536x1536":"","2048x2048":"","trp-custom-language-flag":""},"post_excerpt_stackable_v2":"<p>Estetska stomatologija Va\u0161 osmeh govori o vama vi\u0161e nego I jedna druga fizi\u010dka osobina.&nbsp;Osmeh je prva stvar koju ljudi oko vas primete a ako je lep daje vam samopouzdanje I uti\u010de na otvoreniju I bolju komunikaciju sa drugima. Sa godinama zubi menjaju boju, tj. \u017eute. Tome doprinosi I pu\u0161enje kao I konzumiranje razli\u010ditih obojenih napitaka, kafa, \u010daj, vino\u2026&nbsp;Ukoliko ste nezadovoljni bojom svojih zuba, ili imate avitalan zub (prebojen zub), beljenje je na\u010din da re\u0161ite problem.&nbsp;Izbeljivanje zuba je bezbolan postupak \u010diji je cilj postizanje individualnog optimuma beline koji izgleda prirodno. Rezultati su individualni, od osobe do osobe, zavisno od boje va\u0161ih&hellip;<\/p>\n","category_list_v2":"","author_info_v2":{"name":"dentalline","url":"https:\/\/www.dental-line.rs\/en\/author\/dentalline\/"},"comments_num_v2":"0 comments","featured_image_src":null,"aioseo_notices":[],"_links":{"self":[{"href":"https:\/\/www.dental-line.rs\/en\/wp-json\/wp\/v2\/pages\/352","targetHints":{"allow":["GET"]}}],"collection":[{"href":"https:\/\/www.dental-line.rs\/en\/wp-json\/wp\/v2\/pages"}],"about":[{"href":"https:\/\/www.dental-line.rs\/en\/wp-json\/wp\/v2\/types\/page"}],"author":[{"embeddable":true,"href":"https:\/\/www.dental-line.rs\/en\/wp-json\/wp\/v2\/users\/1"}],"replies":[{"embeddable":true,"href":"https:\/\/www.dental-line.rs\/en\/wp-json\/wp\/v2\/comments?post=352"}],"version-history":[{"count":17,"href":"https:\/\/www.dental-line.rs\/en\/wp-json\/wp\/v2\/pages\/352\/revisions"}],"predecessor-version":[{"id":977,"href":"https:\/\/www.dental-line.rs\/en\/wp-json\/wp\/v2\/pages\/352\/revisions\/977"}],"wp:attachment":[{"href":"https:\/\/www.dental-line.rs\/en\/wp-json\/wp\/v2\/media?parent=352"}],"curies":[{"name":"wp","href":"https:\/\/api.w.org\/{rel}","templated":true}]}}