{"id":354,"date":"2020-07-15T09:43:53","date_gmt":"2020-07-15T09:43:53","guid":{"rendered":"http:\/\/www.dental-line.rs\/?page_id=354"},"modified":"2021-03-24T11:14:47","modified_gmt":"2021-03-24T11:14:47","slug":"decija-i-preventivna-stomatologija","status":"publish","type":"page","link":"https:\/\/www.dental-line.rs\/en\/decija-i-preventivna-stomatologija\/","title":{"rendered":"Pediatric and preventive dentistry"},"content":{"rendered":"<h2 class=\"has-text-align-center has-cyan-bluish-gray-background-color has-background wp-block-heading\">Pediatric and preventive dentistry<\/h2>\n\n\n\n<div class=\"wp-block-ugb-divider ugb-divider ugb-9ed0631 ugb-divider--v2 ugb-divider--design-bar ugb-main-block\"><style>.ugb-9ed0631 hr.ugb-divider__hr{background-color:#0693e3 !important;height:1px !important;width:65% !important;margin-left:auto !important;margin-right:auto !important;border-radius:calc(1px \/ 2) !important}<\/style><div class=\"ugb-inner-block\"><div class=\"ugb-block-content\"><hr class=\"ugb-divider__hr\"\/><\/div><\/div><\/div>\n\n\n\n<div class=\"wp-block-media-text alignwide has-media-on-the-right is-stacked-on-mobile\" style=\"grid-template-columns:auto 40%\"><figure class=\"wp-block-media-text__media\"><img loading=\"lazy\" decoding=\"async\" width=\"600\" height=\"338\" src=\"https:\/\/media1.dental-line.rs\/2021\/03\/devojcica-pere-zube-e1616584308816.jpg\" alt=\"\" class=\"wp-image-978 size-full\"\/><\/figure><div class=\"wp-block-media-text__content\">\n<p style=\"font-size:21px\">The most you can do for your children's dental health is <strong>prevention.<\/strong><br><br>Parents, the underlying tooth disease is<strong> dental caries.<\/strong>.<br>&nbsp;<br>The fight against caries is successful only if these three weapons are used together:<\/p>\n<\/div><\/div>\n\n\n\n<div class=\"wp-block-ugb-number-box ugb-number-box ugb-66859e1 ugb-number-box--v3 ugb-number-box--columns-3 ugb-main-block\"><style>.ugb-66859e1 .ugb-number-box__number{background-color:#fcb900 !important;color:#222222 !important}<\/style><div class=\"ugb-inner-block\"><div class=\"ugb-block-content\"><div class=\"ugb-number-box__item ugb-number-box__item1\"><span class=\"ugb-number-box__number\">1<\/span><div class=\"ugb-number-box__content\"><h4 class=\"ugb-number-box__title\">The strongest weapon is a toothbrush<\/h4><p class=\"ugb-number-box__description\">Let her be your child's best friend. Good dental and oral hygiene is a basic weapon in the fight against caries. You must be trained in oral hygiene by a professional.<br>The questions are when and how and not whether you brushed your teeth.<\/p><\/div><\/div><div class=\"ugb-number-box__item ugb-number-box__item2\"><span class=\"ugb-number-box__number\">2<\/span><div class=\"ugb-number-box__content\"><h4 class=\"ugb-number-box__title\">Regular dental examination<\/h4><p class=\"ugb-number-box__description\">For pediatric dentistry, the most important thing is a regular dental examination. For children up to the age of 12, every 4 months, it allows to check the quality of brushing teeth, possible carious lesions and to notice an orthodontic disorder in time.<\/p><\/div><\/div><div class=\"ugb-number-box__item ugb-number-box__item3\"><span class=\"ugb-number-box__number\">3<\/span><div class=\"ugb-number-box__content\"><h4 class=\"ugb-number-box__title\">Fissure sealing<\/h4><p class=\"ugb-number-box__description\">Fisure are the deepest furrows on the teeth where food and plaque remains are collected, from which they are difficult to clean even with the best washing technique. That is why fissure filling is performed, a completely painless intervention that prevents the appearance of caries.<\/p><\/div><\/div><\/div><\/div><\/div>\n\n\n\n<div class=\"wp-block-ugb-spacer ugb-spacer ugb-f7421b5 ugb-spacer--v2 ugb-main-block\"><div class=\"ugb-inner-block\"><div class=\"ugb-block-content\"><div class=\"ugb-spacer--inner\"><\/div><\/div><\/div><\/div>","protected":false},"excerpt":{"rendered":"<p>De\u010dija i preventivna stomatologija Najvi\u0161e sto mozete uraditi za zdravlje zuba va\u0161e dece je prevencija. Roditelji, osnovna bolest zuba je karijes.&nbsp;Borba protiv karijesa je uspe\u0161na samo ukoliko se primene ova tri oru\u017eja zajedno: 1 Najja\u010de oru\u017eje je zubna \u010detkica Neka ona bude najbolji prijatelj va\u0161eg deteta.Dobra higijena zuba I usta je osnovno oru\u017eje u borbi [&hellip;]<\/p>\n","protected":false},"author":1,"featured_media":0,"parent":0,"menu_order":0,"comment_status":"closed","ping_status":"closed","template":"","meta":{"om_disable_all_campaigns":false,"_monsterinsights_skip_tracking":false,"_monsterinsights_sitenote_active":false,"_monsterinsights_sitenote_note":"","_monsterinsights_sitenote_category":0,"site-sidebar-layout":"default","site-content-layout":"boxed-container","ast-site-content-layout":"default","site-content-style":"default","site-sidebar-style":"default","ast-global-header-display":"","ast-banner-title-visibility":"","ast-main-header-display":"","ast-hfb-above-header-display":"","ast-hfb-below-header-display":"","ast-hfb-mobile-header-display":"","site-post-title":"disabled","ast-breadcrumbs-content":"","ast-featured-img":"","footer-sml-layout":"","ast-disable-related-posts":"","theme-transparent-header-meta":"default","adv-header-id-meta":"","stick-header-meta":"","header-above-stick-meta":"","header-main-stick-meta":"","header-below-stick-meta":"","astra-migrate-meta-layouts":"default","ast-page-background-enabled":"default","ast-page-background-meta":{"desktop":{"background-color":"","background-image":"","background-repeat":"repeat","background-position":"center center","background-size":"auto","background-attachment":"scroll","background-type":"","background-media":"","overlay-type":"","overlay-color":"","overlay-opacity":"","overlay-gradient":""},"tablet":{"background-color":"","background-image":"","background-repeat":"repeat","background-position":"center center","background-size":"auto","background-attachment":"scroll","background-type":"","background-media":"","overlay-type":"","overlay-color":"","overlay-opacity":"","overlay-gradient":""},"mobile":{"background-color":"","background-image":"","background-repeat":"repeat","background-position":"center center","background-size":"auto","background-attachment":"scroll","background-type":"","background-media":"","overlay-type":"","overlay-color":"","overlay-opacity":"","overlay-gradient":""}},"ast-content-background-meta":{"desktop":{"background-color":"var(--ast-global-color-5)","background-image":"","background-repeat":"repeat","background-position":"center center","background-size":"auto","background-attachment":"scroll","background-type":"","background-media":"","overlay-type":"","overlay-color":"","overlay-opacity":"","overlay-gradient":""},"tablet":{"background-color":"var(--ast-global-color-5)","background-image":"","background-repeat":"repeat","background-position":"center center","background-size":"auto","background-attachment":"scroll","background-type":"","background-media":"","overlay-type":"","overlay-color":"","overlay-opacity":"","overlay-gradient":""},"mobile":{"background-color":"var(--ast-global-color-5)","background-image":"","background-repeat":"repeat","background-position":"center center","background-size":"auto","background-attachment":"scroll","background-type":"","background-media":"","overlay-type":"","overlay-color":"","overlay-opacity":"","overlay-gradient":""}},"footnotes":""},"class_list":["post-354","page","type-page","status-publish","hentry"],"featured_image_urls_v2":{"full":"","thumbnail":"","medium":"","medium_large":"","large":"","wpsm_testi_small":"","1536x1536":"","2048x2048":"","trp-custom-language-flag":""},"post_excerpt_stackable_v2":"<p>De\u010dija i preventivna stomatologija Najvi\u0161e sto mozete uraditi za zdravlje zuba va\u0161e dece je prevencija.Roditelji, osnovna bolest zuba je karijes.&nbsp;Borba protiv karijesa je uspe\u0161na samo ukoliko se primene ova tri oru\u017eja zajedno: 1Najja\u010de oru\u017eje je zubna \u010detkicaNeka ona bude najbolji prijatelj va\u0161eg deteta.Dobra higijena zuba I usta je osnovno oru\u017eje u borbi protiv karijesa. Za oralnu higijenu vas mora obu\u010diti stru\u010dno lice.Pitanja su kada I kako a ne da li si oprao\/la zube.2Redovan stomatolo\u0161ki pregledZa de\u010diju stomatologiju je najbitniji redovan stomatolo\u0161ki pregled. Za decu do 12. godine na svaka 4 meseca omogu\u0107ava da se proveri kvalitet pranja zuba, eventualne kariozne&hellip;<\/p>\n","category_list_v2":"","author_info_v2":{"name":"dentalline","url":"https:\/\/www.dental-line.rs\/en\/author\/dentalline\/"},"comments_num_v2":"0 comments","featured_image_src":null,"aioseo_notices":[],"_links":{"self":[{"href":"https:\/\/www.dental-line.rs\/en\/wp-json\/wp\/v2\/pages\/354","targetHints":{"allow":["GET"]}}],"collection":[{"href":"https:\/\/www.dental-line.rs\/en\/wp-json\/wp\/v2\/pages"}],"about":[{"href":"https:\/\/www.dental-line.rs\/en\/wp-json\/wp\/v2\/types\/page"}],"author":[{"embeddable":true,"href":"https:\/\/www.dental-line.rs\/en\/wp-json\/wp\/v2\/users\/1"}],"replies":[{"embeddable":true,"href":"https:\/\/www.dental-line.rs\/en\/wp-json\/wp\/v2\/comments?post=354"}],"version-history":[{"count":22,"href":"https:\/\/www.dental-line.rs\/en\/wp-json\/wp\/v2\/pages\/354\/revisions"}],"predecessor-version":[{"id":981,"href":"https:\/\/www.dental-line.rs\/en\/wp-json\/wp\/v2\/pages\/354\/revisions\/981"}],"wp:attachment":[{"href":"https:\/\/www.dental-line.rs\/en\/wp-json\/wp\/v2\/media?parent=354"}],"curies":[{"name":"wp","href":"https:\/\/api.w.org\/{rel}","templated":true}]}}