{"id":434,"date":"2021-02-08T06:56:36","date_gmt":"2021-02-08T06:56:36","guid":{"rendered":"http:\/\/www.dental-line.rs\/?page_id=434"},"modified":"2021-02-16T11:34:42","modified_gmt":"2021-02-16T11:34:42","slug":"stomatoloska-protetika","status":"publish","type":"page","link":"https:\/\/www.dental-line.rs\/en\/stomatoloska-protetika\/","title":{"rendered":"Dental prosthetics"},"content":{"rendered":"<h2 class=\"has-text-align-center has-cyan-bluish-gray-background-color has-background wp-block-heading\">Dental prosthetics<\/h2>\n\n\n\n<div class=\"wp-block-ugb-divider ugb-divider ugb-2fbad4c ugb-divider--v2 ugb-divider--design-basic ugb-main-block\"><style>.ugb-2fbad4c hr.ugb-divider__hr{background-color:#0693e3 !important;width:65% !important;margin-left:auto !important;margin-right:auto !important}<\/style><div class=\"ugb-inner-block\"><div class=\"ugb-block-content\"><hr class=\"ugb-divider__hr\"\/><\/div><\/div><\/div>\n\n\n\n<div class=\"wp-block-ugb-heading ugb-heading ugb-274277a ugb-main-block\"><style>.ugb-274277a .ugb-heading__title{font-family:-apple-system,BlinkMacSystemFont,\"Segoe UI\",Roboto,Helvetica,Arial,sans-serif,\"Apple Color Emoji\",\"Segoe UI Emoji\",\"Segoe UI Symbol\" !important;font-size:38px !important;text-align:left;margin-bottom:11px !important}.ugb-274277a .ugb-heading__subtitle{font-family:-apple-system,BlinkMacSystemFont,\"Segoe UI\",Roboto,Helvetica,Arial,sans-serif,\"Apple Color Emoji\",\"Segoe UI Emoji\",\"Segoe UI Symbol\" !important;font-size:18px !important;margin-bottom:8px !important}.ugb-274277a .ugb-inner-block{text-align:left}@media screen and (min-width:768px){.ugb-274277a.ugb-heading{margin-bottom:-194px !important}}<\/style><div class=\"ugb-inner-block\"><div class=\"ugb-block-content\"><p class=\"ugb-heading__subtitle\">Loss of one or more teeth affects health. First of all, it is a hindrance to chewing food. In terms of aesthetic importance, a lack of teeth can make us feel uncomfortable all the way to creating insecurity in connecting with others not only in a professional environment but also with friends and partner.<br>&nbsp;<br>Tooth loss causes changes in the dentition, because the space that was previously occupied by the tooth becomes an empty space that the adjacent teeth will try to fill. That is why it is important to find the best solution for returning the teeth to a normal position.<br>&nbsp;<br>Depending on the degree of lack of teeth (toothlessness), there is a need for therapy and the development of appropriate restorations (<strong>fixed or mobile<\/strong>).<br>&nbsp;<br>&nbsp;<br>&nbsp;<br><br>&nbsp;<br><br><strong>&nbsp;<\/strong><br><br><strong>&nbsp;<\/strong><br><\/p><\/div><\/div><\/div>\n\n\n\n<div class=\"wp-block-ugb-columns ugb-columns ugb-39cf1e3 ugb-columns--design-plain ugb-columns--columns-2 ugb-main-block\"><div class=\"ugb-inner-block\"><div class=\"ugb-block-content\"><div class=\"ugb-columns__item ugb-39cf1e3-content-wrapper\">\n<div class=\"wp-block-ugb-column ugb-column ugb-1e7c153 ugb-column--design-plain ugb-main-block\"><div class=\"ugb-inner-block\"><div class=\"ugb-block-content\"><div class=\"ugb-column__item ugb-1e7c153-column-wrapper\"><div class=\"ugb-column__content-wrapper\">\n<div class=\"wp-block-ugb-card ugb-card ugb-325ce8c ugb-card--v2 ugb-card--design-basic ugb-card--columns-2 ugb-main-block\"><style>.ugb-325ce8c .ugb-card__item1 .ugb-card__image{background-image:url(http:\/\/media1.dental-line.rs\/2021\/02\/Partial-Denture-in-Perth-1-2-1-1024x576.jpg)}.ugb-325ce8c .ugb-card__item2 .ugb-card__image{background-image:url(http:\/\/media1.dental-line.rs\/2021\/02\/bezmetalni-most-1024x791.jpg)}.ugb-325ce8c .ugb-card__title{font-weight:100 !important;color:#000000 !important;text-align:center !important}<\/style><div class=\"ugb-inner-block\"><div class=\"ugb-block-content\"><div class=\"ugb-card__item ugb-card__item1\"><div class=\"ugb-card__image\"><\/div><div class=\"ugb-card__content\"><h4 class=\"ugb-card__title\"><strong>Mobile prosthetics<\/strong><br><br>Total dentures<br>Partial plate dentures<br>Visil (skeletal) prostheses<br>Thermoplastic (elastic) prostheses<\/h4><\/div><\/div><div class=\"ugb-card__item ugb-card__item2\"><div class=\"ugb-card__image\"><\/div><div class=\"ugb-card__content\"><h4 class=\"ugb-card__title\"><strong>Fixed prosthetics<\/strong><br><br>Crowns<br>Dental bridge<br><br>All fixed fees are made of two types of materials:<br>&nbsp;<br>- Metal ceramics<br>- metal-free zirconium ceramics<\/h4><\/div><\/div><\/div><\/div><\/div>\n<\/div><\/div><\/div><\/div><\/div>\n\n\n\n<div class=\"wp-block-ugb-column ugb-column ugb-5a0f4b3 ugb-column--design-plain ugb-main-block\"><div class=\"ugb-inner-block\"><div class=\"ugb-block-content\"><div class=\"ugb-column__item ugb-5a0f4b3-column-wrapper\"><div class=\"ugb-column__content-wrapper\">\n<div class=\"wp-block-ugb-card ugb-card ugb-5f17376 ugb-card--v2 ugb-card--design-basic ugb-card--columns-2 ugb-main-block\"><style>.ugb-5f17376 .ugb-card__item1 .ugb-card__image{background-image:url(http:\/\/media1.dental-line.rs\/2021\/02\/Totalna-proteza-u-gornjoj-vilici-i-kombinovani-metalkeramic\u030cki-rad-sa-ankerima-u-donjoj-vilici.png)}.ugb-5f17376 .ugb-card__item2 .ugb-card__image{background-image:url(http:\/\/media1.dental-line.rs\/2021\/02\/conus.jpg)}.ugb-5f17376 .ugb-card__title{color:#000000 !important;text-align:center !important}<\/style><div class=\"ugb-inner-block\"><div class=\"ugb-block-content\"><div class=\"ugb-card__item ugb-card__item1\"><div class=\"ugb-card__image\"><\/div><div class=\"ugb-card__content\"><h4 class=\"ugb-card__title\"><strong>Combined (fixed - mobile) works<\/strong><\/h4><\/div><\/div><div class=\"ugb-card__item ugb-card__item2\"><div class=\"ugb-card__image\"><\/div><div class=\"ugb-card__content\"><h4 class=\"ugb-card__title\"><strong>Prosthetics on implants<\/strong><\/h4><\/div><\/div><\/div><\/div><\/div>\n<\/div><\/div><\/div><\/div><\/div>\n<\/div><\/div><\/div><\/div>\n\n\n\n<div class=\"wp-block-ugb-spacer ugb-spacer ugb-spacer--v2 ugb-main-block\"><div class=\"ugb-inner-block\"><div class=\"ugb-block-content\"><div class=\"ugb-spacer--inner\"><\/div><\/div><\/div><\/div>","protected":false},"excerpt":{"rendered":"<p>Stomatolo\u0161ka protetika Gubitak jednog ili vi\u0161e zuba uti\u010de na zdravlje. Pre svega, smetnja je za \u017evakanje hrane. \u0160to se ti\u010de estetske va\u017enosti nedostatak zuba mo\u017ee u\u010diniti da se ose\u0107amo nelagodno sve do stvaranja nesigurnosti u povezivanju sa drugima ne samo u profesionalnom okru\u017eenju ve\u0107 I sa prijateljima I partnerom.&nbsp;Gubitak zuba uzrokuje promene u zubnom nizu, [&hellip;]<\/p>\n","protected":false},"author":1,"featured_media":0,"parent":0,"menu_order":0,"comment_status":"closed","ping_status":"closed","template":"","meta":{"om_disable_all_campaigns":false,"_monsterinsights_skip_tracking":false,"_monsterinsights_sitenote_active":false,"_monsterinsights_sitenote_note":"","_monsterinsights_sitenote_category":0,"site-sidebar-layout":"default","site-content-layout":"boxed-container","ast-site-content-layout":"default","site-content-style":"default","site-sidebar-style":"default","ast-global-header-display":"","ast-banner-title-visibility":"","ast-main-header-display":"","ast-hfb-above-header-display":"","ast-hfb-below-header-display":"","ast-hfb-mobile-header-display":"","site-post-title":"disabled","ast-breadcrumbs-content":"","ast-featured-img":"","footer-sml-layout":"","ast-disable-related-posts":"","theme-transparent-header-meta":"default","adv-header-id-meta":"","stick-header-meta":"","header-above-stick-meta":"","header-main-stick-meta":"","header-below-stick-meta":"","astra-migrate-meta-layouts":"default","ast-page-background-enabled":"default","ast-page-background-meta":{"desktop":{"background-color":"","background-image":"","background-repeat":"repeat","background-position":"center center","background-size":"auto","background-attachment":"scroll","background-type":"","background-media":"","overlay-type":"","overlay-color":"","overlay-opacity":"","overlay-gradient":""},"tablet":{"background-color":"","background-image":"","background-repeat":"repeat","background-position":"center center","background-size":"auto","background-attachment":"scroll","background-type":"","background-media":"","overlay-type":"","overlay-color":"","overlay-opacity":"","overlay-gradient":""},"mobile":{"background-color":"","background-image":"","background-repeat":"repeat","background-position":"center center","background-size":"auto","background-attachment":"scroll","background-type":"","background-media":"","overlay-type":"","overlay-color":"","overlay-opacity":"","overlay-gradient":""}},"ast-content-background-meta":{"desktop":{"background-color":"var(--ast-global-color-5)","background-image":"","background-repeat":"repeat","background-position":"center center","background-size":"auto","background-attachment":"scroll","background-type":"","background-media":"","overlay-type":"","overlay-color":"","overlay-opacity":"","overlay-gradient":""},"tablet":{"background-color":"var(--ast-global-color-5)","background-image":"","background-repeat":"repeat","background-position":"center center","background-size":"auto","background-attachment":"scroll","background-type":"","background-media":"","overlay-type":"","overlay-color":"","overlay-opacity":"","overlay-gradient":""},"mobile":{"background-color":"var(--ast-global-color-5)","background-image":"","background-repeat":"repeat","background-position":"center center","background-size":"auto","background-attachment":"scroll","background-type":"","background-media":"","overlay-type":"","overlay-color":"","overlay-opacity":"","overlay-gradient":""}},"footnotes":""},"class_list":["post-434","page","type-page","status-publish","hentry"],"featured_image_urls_v2":{"full":"","thumbnail":"","medium":"","medium_large":"","large":"","wpsm_testi_small":"","1536x1536":"","2048x2048":"","trp-custom-language-flag":""},"post_excerpt_stackable_v2":"<p>Stomatolo\u0161ka protetika Gubitak jednog ili vi\u0161e zuba uti\u010de na zdravlje. Pre svega, smetnja je za \u017evakanje hrane. \u0160to se ti\u010de estetske va\u017enosti nedostatak zuba mo\u017ee u\u010diniti da se ose\u0107amo nelagodno sve do stvaranja nesigurnosti u povezivanju sa drugima ne samo u profesionalnom okru\u017eenju ve\u0107 I sa prijateljima I partnerom.&nbsp;Gubitak zuba uzrokuje promene u zubnom nizu, jer prostor koji je prethodno zauzimao zub postaje prazan prostor koji \u0107e susedni zubi poku\u0161ati ispuniti. Zato je va\u017eno na\u0107i najbolje re\u0161enje za vra\u0107anje zuba u normalnu poziciju.&nbsp;U zavisnosti od stepena nedostatka zuba (krezubosti) javlja se potreba za terapijom I izradom odgovaraju\u0107ih nadoknada (fiksnih ili&hellip;<\/p>\n","category_list_v2":"","author_info_v2":{"name":"dentalline","url":"https:\/\/www.dental-line.rs\/en\/author\/dentalline\/"},"comments_num_v2":"0 comments","featured_image_src":null,"aioseo_notices":[],"_links":{"self":[{"href":"https:\/\/www.dental-line.rs\/en\/wp-json\/wp\/v2\/pages\/434","targetHints":{"allow":["GET"]}}],"collection":[{"href":"https:\/\/www.dental-line.rs\/en\/wp-json\/wp\/v2\/pages"}],"about":[{"href":"https:\/\/www.dental-line.rs\/en\/wp-json\/wp\/v2\/types\/page"}],"author":[{"embeddable":true,"href":"https:\/\/www.dental-line.rs\/en\/wp-json\/wp\/v2\/users\/1"}],"replies":[{"embeddable":true,"href":"https:\/\/www.dental-line.rs\/en\/wp-json\/wp\/v2\/comments?post=434"}],"version-history":[{"count":15,"href":"https:\/\/www.dental-line.rs\/en\/wp-json\/wp\/v2\/pages\/434\/revisions"}],"predecessor-version":[{"id":965,"href":"https:\/\/www.dental-line.rs\/en\/wp-json\/wp\/v2\/pages\/434\/revisions\/965"}],"wp:attachment":[{"href":"https:\/\/www.dental-line.rs\/en\/wp-json\/wp\/v2\/media?parent=434"}],"curies":[{"name":"wp","href":"https:\/\/api.w.org\/{rel}","templated":true}]}}