{"id":436,"date":"2021-02-08T06:57:21","date_gmt":"2021-02-08T06:57:21","guid":{"rendered":"http:\/\/www.dental-line.rs\/?page_id=436"},"modified":"2021-05-20T13:21:50","modified_gmt":"2021-05-20T13:21:50","slug":"oralna-hirurgija","status":"publish","type":"page","link":"https:\/\/www.dental-line.rs\/en\/oralna-hirurgija\/","title":{"rendered":"Oral surgery"},"content":{"rendered":"<h2 class=\"has-text-align-center has-cyan-bluish-gray-background-color has-text-color has-background wp-block-heading\" style=\"color:#0638e5\">Oral surgery<\/h2>\n\n\n\n<div class=\"wp-block-ugb-divider ugb-divider ugb-95c467a ugb-divider--v2 ugb-divider--design-basic ugb-main-block\"><style>.ugb-95c467a hr.ugb-divider__hr{background-color:#0693e3 !important;width:65% !important;margin-left:auto !important;margin-right:auto !important}<\/style><div class=\"ugb-inner-block\"><div class=\"ugb-block-content\"><hr class=\"ugb-divider__hr\"\/><\/div><\/div><\/div>\n\n\n\n<div class=\"wp-block-media-text alignwide has-media-on-the-right is-stacked-on-mobile\" style=\"grid-template-columns:auto 33%\"><figure class=\"wp-block-media-text__media\"><img loading=\"lazy\" decoding=\"async\" width=\"1024\" height=\"576\" src=\"http:\/\/media1.dental-line.rs\/2021\/02\/vadjenje-2-1024x576.jpg\" alt=\"\" class=\"wp-image-603 size-full\"\/><\/figure><div class=\"wp-block-media-text__content\">\n<h3 class=\"wp-block-heading\"><strong>Tooth extraction<\/strong> is the most common oral surgery.<\/h3>\n\n\n\n<p class=\"has-medium-font-size\">In addition to the classic tooth extraction, we also include in the branch of oral surgery <strong>surgical removal<\/strong> semi-impacted and impacted wisdom teeth, apicotomy (a process that develops at the top of the root is called a periapical lesion).<\/p>\n\n\n\n<p class=\"has-medium-font-size\">Lesion usually develops as an abscess, granuloma or clean. When it is not possible to conservatively repair the tooth, surgical removal of the cyst at the top of the root is performed.<\/p>\n<\/div><\/div>\n\n\n\n<div class=\"wp-block-ugb-spacer ugb-spacer ugb-8bdfd14 ugb-spacer--v2 ugb-main-block\"><div class=\"ugb-inner-block\"><div class=\"ugb-block-content\"><div class=\"ugb-spacer--inner\"><\/div><\/div><\/div><\/div>","protected":false},"excerpt":{"rendered":"<p>Oralna hirurgija Va\u0111enje zuba je naj\u010de\u0161\u0107a oralno-hirur\u0161ka intervencija. Pored klasicnog va\u0111enja zuba u granu oralne hirurgije uklju\u010dujemo i hirur\u0161ko va\u0111enje poluimpaktiranog i impaktiranog umnjaka, apikotomije (proces koji se razvije na vrhu korena se naziva periapikalna lezija). Ta lezija se naj\u010de\u0161\u0107e razvije kao apsces, granulom ili cista.Kada nije mogu\u0107e konzervativno sanirati zub, vr\u0161i se hiru\u0161ko uklanjanje [&hellip;]<\/p>\n","protected":false},"author":1,"featured_media":0,"parent":0,"menu_order":0,"comment_status":"closed","ping_status":"closed","template":"","meta":{"om_disable_all_campaigns":false,"_monsterinsights_skip_tracking":false,"_monsterinsights_sitenote_active":false,"_monsterinsights_sitenote_note":"","_monsterinsights_sitenote_category":0,"site-sidebar-layout":"default","site-content-layout":"boxed-container","ast-site-content-layout":"default","site-content-style":"default","site-sidebar-style":"default","ast-global-header-display":"","ast-banner-title-visibility":"","ast-main-header-display":"","ast-hfb-above-header-display":"","ast-hfb-below-header-display":"","ast-hfb-mobile-header-display":"","site-post-title":"disabled","ast-breadcrumbs-content":"","ast-featured-img":"","footer-sml-layout":"","ast-disable-related-posts":"","theme-transparent-header-meta":"default","adv-header-id-meta":"","stick-header-meta":"","header-above-stick-meta":"","header-main-stick-meta":"","header-below-stick-meta":"","astra-migrate-meta-layouts":"default","ast-page-background-enabled":"default","ast-page-background-meta":{"desktop":{"background-color":"","background-image":"","background-repeat":"repeat","background-position":"center center","background-size":"auto","background-attachment":"scroll","background-type":"","background-media":"","overlay-type":"","overlay-color":"","overlay-opacity":"","overlay-gradient":""},"tablet":{"background-color":"","background-image":"","background-repeat":"repeat","background-position":"center center","background-size":"auto","background-attachment":"scroll","background-type":"","background-media":"","overlay-type":"","overlay-color":"","overlay-opacity":"","overlay-gradient":""},"mobile":{"background-color":"","background-image":"","background-repeat":"repeat","background-position":"center center","background-size":"auto","background-attachment":"scroll","background-type":"","background-media":"","overlay-type":"","overlay-color":"","overlay-opacity":"","overlay-gradient":""}},"ast-content-background-meta":{"desktop":{"background-color":"var(--ast-global-color-5)","background-image":"","background-repeat":"repeat","background-position":"center center","background-size":"auto","background-attachment":"scroll","background-type":"","background-media":"","overlay-type":"","overlay-color":"","overlay-opacity":"","overlay-gradient":""},"tablet":{"background-color":"var(--ast-global-color-5)","background-image":"","background-repeat":"repeat","background-position":"center center","background-size":"auto","background-attachment":"scroll","background-type":"","background-media":"","overlay-type":"","overlay-color":"","overlay-opacity":"","overlay-gradient":""},"mobile":{"background-color":"var(--ast-global-color-5)","background-image":"","background-repeat":"repeat","background-position":"center center","background-size":"auto","background-attachment":"scroll","background-type":"","background-media":"","overlay-type":"","overlay-color":"","overlay-opacity":"","overlay-gradient":""}},"footnotes":""},"class_list":["post-436","page","type-page","status-publish","hentry"],"featured_image_urls_v2":{"full":"","thumbnail":"","medium":"","medium_large":"","large":"","wpsm_testi_small":"","1536x1536":"","2048x2048":"","trp-custom-language-flag":""},"post_excerpt_stackable_v2":"<p>Oralna hirurgija Va\u0111enje zuba je naj\u010de\u0161\u0107a oralno-hirur\u0161ka intervencija. Pored klasicnog va\u0111enja zuba u granu oralne hirurgije uklju\u010dujemo i hirur\u0161ko va\u0111enje poluimpaktiranog i impaktiranog umnjaka, apikotomije (proces koji se razvije na vrhu korena se naziva periapikalna lezija). Ta lezija se naj\u010de\u0161\u0107e razvije kao apsces, granulom ili cista.Kada nije mogu\u0107e konzervativno sanirati zub, vr\u0161i se hiru\u0161ko uklanjanje ciste na vrhu korena.<\/p>\n","category_list_v2":"","author_info_v2":{"name":"dentalline","url":"https:\/\/www.dental-line.rs\/en\/author\/dentalline\/"},"comments_num_v2":"0 comments","featured_image_src":null,"aioseo_notices":[],"_links":{"self":[{"href":"https:\/\/www.dental-line.rs\/en\/wp-json\/wp\/v2\/pages\/436","targetHints":{"allow":["GET"]}}],"collection":[{"href":"https:\/\/www.dental-line.rs\/en\/wp-json\/wp\/v2\/pages"}],"about":[{"href":"https:\/\/www.dental-line.rs\/en\/wp-json\/wp\/v2\/types\/page"}],"author":[{"embeddable":true,"href":"https:\/\/www.dental-line.rs\/en\/wp-json\/wp\/v2\/users\/1"}],"replies":[{"embeddable":true,"href":"https:\/\/www.dental-line.rs\/en\/wp-json\/wp\/v2\/comments?post=436"}],"version-history":[{"count":10,"href":"https:\/\/www.dental-line.rs\/en\/wp-json\/wp\/v2\/pages\/436\/revisions"}],"predecessor-version":[{"id":1084,"href":"https:\/\/www.dental-line.rs\/en\/wp-json\/wp\/v2\/pages\/436\/revisions\/1084"}],"wp:attachment":[{"href":"https:\/\/www.dental-line.rs\/en\/wp-json\/wp\/v2\/media?parent=436"}],"curies":[{"name":"wp","href":"https:\/\/api.w.org\/{rel}","templated":true}]}}