{"id":440,"date":"2021-02-08T06:58:15","date_gmt":"2021-02-08T06:58:15","guid":{"rendered":"http:\/\/www.dental-line.rs\/?page_id=440"},"modified":"2021-05-17T07:46:07","modified_gmt":"2021-05-17T07:46:07","slug":"paradontologija","status":"publish","type":"page","link":"https:\/\/www.dental-line.rs\/en\/paradontologija\/","title":{"rendered":"Periodontology"},"content":{"rendered":"<h2 class=\"has-text-align-center has-cyan-bluish-gray-background-color has-background wp-block-heading\">Periodontology<\/h2>\n\n\n\n<div class=\"wp-block-ugb-divider ugb-divider ugb-cdd7f81 ugb-divider--v2 ugb-divider--design-basic ugb-main-block\"><style>.ugb-cdd7f81 hr.ugb-divider__hr{background-color:#0693e3 !important;width:65% !important;margin-left:auto !important;margin-right:auto !important}<\/style><div class=\"ugb-inner-block\"><div class=\"ugb-block-content\"><hr class=\"ugb-divider__hr\"\/><\/div><\/div><\/div>\n\n\n\n<div class=\"wp-block-cover has-background-dim-30 has-background-dim has-parallax\" style=\"background-image:url(http:\/\/media1.dental-line.rs\/2021\/02\/crvenilo-desni-2.jpg);min-height:195px;aspect-ratio:unset;\"><div class=\"wp-block-cover__inner-container is-layout-flow wp-block-cover-is-layout-flow\">\n<p class=\"has-text-align-center has-large-font-size\"><\/p>\n<\/div><\/div>\n\n\n\n<p><\/p>\n\n\n\n<p style=\"font-size:24px\"><strong>Signs and symptoms of periodontal disease<\/strong><\/p>\n\n\n\n<p class=\"has-medium-font-size\">It is very important to know that you can have a periodontal disease without obvious symptoms, especially if you are a smoker - nicotine reduces blood flow to the gingiva, prevents its bleeding and swelling and thus masks the real condition. However, special attention should be paid to the following:<\/p>\n\n\n\n<p><\/p>\n\n\n\n<p class=\"has-medium-font-size\">\u00b7&nbsp;&nbsp;&nbsp;&nbsp;&nbsp;&nbsp;&nbsp; <strong>bleeding gums<\/strong>&nbsp;- The opinion is that the gums bleed due to rough brushing of teeth. Although this way of washing is bad (among other things, it leads to their withdrawal), it should not cause bleeding. Every trace of blood is a signal that some form of the disease exists.<\/p>\n\n\n\n<p class=\"has-medium-font-size\">\u00b7&nbsp;&nbsp;&nbsp;&nbsp;&nbsp;&nbsp;&nbsp; <strong>bad breath<\/strong>&nbsp;- dental plaque can easily accumulate in the spaces between the teeth, thus creating a suitable environment for bacteria to multiply. Their products - compounds rich in sulfur cause bad breath.<\/p>\n\n\n\n<p class=\"has-medium-font-size\">\u00b7&nbsp;&nbsp;&nbsp;&nbsp;&nbsp;&nbsp;&nbsp; <strong>redness and enlargement of the gums<\/strong>&nbsp;- Inflammation of the gingiva is usually the first visible sign of periodontal disease.<\/p>\n\n\n\n<p class=\"has-medium-font-size\">\u00b7&nbsp;&nbsp;&nbsp;&nbsp;&nbsp;&nbsp;&nbsp; <strong>pulling gums<\/strong>&nbsp;- If you notice that your teeth look longer than before, there is probably a pulling of the gums, leaving bare roots.<\/p>\n\n\n\n<p class=\"has-medium-font-size\">\u00b7&nbsp;&nbsp;&nbsp;&nbsp;&nbsp;&nbsp;&nbsp; <strong>hypersensitivity<\/strong>&nbsp;- if the gums are pulled, the exposed roots of the teeth can become sensitive to heat and cold, while the inflamed gingiva itself is already painfully sensitive to touch.<\/p>\n\n\n\n<p class=\"has-medium-font-size\">\u00b7&nbsp;&nbsp;&nbsp;&nbsp;&nbsp;&nbsp;&nbsp; <strong>periodontal abscess<\/strong>&nbsp;is a purulent collection concentrated in the periodontal pocket, ie the space around the tooth. The area affected by the infection becomes swollen and painful to the touch. If there is a spontaneous drainage of the purulent contents, an unpleasant taste in the mouth can occur, as well as bad breath.<\/p>\n\n\n\n<p class=\"has-medium-font-size\">\u00b7\u00a0\u00a0\u00a0\u00a0\u00a0\u00a0\u00a0<strong> labavljenje zuba<\/strong>\u00a0- due to bone decay, teeth lose support, begin to wobble and migrate.<br><br><br><strong>Periodontal disease and your general health<br>\u00a0<\/strong><br>Periodontal diseases occur in your mouth, but they are associated with much more serious conditions such as cardiovascular disease, diabetes, premature birth. Research indicates two mechanisms that enable this cause-and-effect relationship:<\/p>\n\n\n\n<p class=\"has-medium-font-size\">\u00b7 Moderate to severe periodontitis increases the level of inflammation in the body; local inflammation causes systemic, which is a characteristic of all chronic inflammatory diseases<br>\u00b7 Bacteria that are found in periodontal pockets are often found in the plaque of blood vessels, therefore it is necessary to repair periodontal inflammation and thus affect the systemic.<\/p>\n\n\n\n<p><\/p>\n\n\n\n<p class=\"has-medium-font-size\"><strong>Prevention.<\/strong><\/p>\n\n\n\n<p class=\"has-medium-font-size\">The best way to prevent periodontal disease is to brush your teeth regularly and effectively and floss. Regular dental check-ups and professional teeth cleaning on everyone&nbsp;<strong>3-6 months<\/strong>&nbsp;are equally important for maintaining the health of your gums. Instruments and appliances used in the dental office can reach areas that are inaccessible to the toothbrush and dental floss. Visual examination and special instruments that determine the depth of the space between the tooth surface and the surrounding gingiva (depth of the pockets) can detect the early stages of periodontitis and repair it in a timely manner. X-rays also record the condition of the bone tissue and the degree of progression of the infection.<br>There are, of course, steps you can take on your own: eat healthier and balanced, reduce stress levels, get rid of bad habits such as smoking.<\/p>\n\n\n\n<blockquote class=\"wp-block-ugb-blockquote ugb-blockquote ugb-c24624e ugb-blockquote--v3 ugb-blockquote--design-plain ugb-blockquote--small-quote ugb-main-block\"><style>.ugb-c24624e .ugb-blockquote__quote{fill:#ff6900 !important;width:52px !important;height:52px !important}.ugb-c24624e .ugb-blockquote__text{font-size:30px !important}.ugb-c24624e .ugb-inner-block{text-align:left}<\/style><div class=\"ugb-inner-block\"><div class=\"ugb-block-content\"><div class=\"ugb-blockquote__item\"><svg viewbox=\"0 0 50 50\" xmlns=\"http:\/\/www.w3.org\/2000\/svg\" class=\"ugb-blockquote__quote\" width=\"52\" height=\"52\"><path d=\"M19.8 9.3C10.5 11.8 4.6 17 2.1 24.8c2.3-3.6 5.6-5.4 9.9-5.4 3.3 0 6 1.1 8.3 3.3 2.2 2.2 3.4 5 3.4 8.3 0 3.2-1.1 5.8-3.3 8-2.2 2.2-5.1 3.2-8.7 3.2-3.7 0-6.5-1.2-8.6-3.5C1 36.3 0 33.1 0 29 0 18.3 6.5 11.2 19.6 7.9l.2 1.4zm26.4 0C36.9 11.9 31 17 28.5 24.8c2.2-3.6 5.5-5.4 9.8-5.4 3.2 0 6 1.1 8.3 3.2 2.3 2.2 3.4 4.9 3.4 8.3 0 3.1-1.1 5.8-3.3 7.9-2.2 2.2-5.1 3.3-8.6 3.3-3.7 0-6.6-1.1-8.6-3.4-2.1-2.3-3.1-5.5-3.1-9.7 0-10.7 6.6-17.8 19.7-21.1l.1 1.4z\"><\/path><\/svg><div class=\"ugb-blockquote__content\"><p class=\"ugb-blockquote__text\"><strong>Main goal<\/strong> is that your teeth \"live\" as much as you do.<\/p><\/div><\/div><\/div><\/div><\/blockquote>\n\n\n\n<p class=\"has-medium-font-size\"><\/p>","protected":false},"excerpt":{"rendered":"<p>Paradontologija Znaci i simptomi parodontalnih oboljenja Veoma je va\u017eno znati da mo\u017eete imati neko oboljenje parodoncijuma bez o\u010diglednih simptoma, posebno ukoliko ste pu\u0161a\u010d \u2013 nikotin smanjuje dotok krvi u gingivu, spre\u010dava njeno krvarenje i oticanje i tako maskira realno stanje. Ipak, treba posebno obratiti pa\u017enju na slede\u0107e: \u00b7&nbsp;&nbsp;&nbsp;&nbsp;&nbsp;&nbsp;&nbsp; krvarenje desni&nbsp;\u2013 mi\u0161ljenje je da desni krvare [&hellip;]<\/p>\n","protected":false},"author":1,"featured_media":0,"parent":0,"menu_order":0,"comment_status":"closed","ping_status":"closed","template":"","meta":{"om_disable_all_campaigns":false,"_monsterinsights_skip_tracking":false,"_monsterinsights_sitenote_active":false,"_monsterinsights_sitenote_note":"","_monsterinsights_sitenote_category":0,"site-sidebar-layout":"default","site-content-layout":"boxed-container","ast-site-content-layout":"default","site-content-style":"default","site-sidebar-style":"default","ast-global-header-display":"","ast-banner-title-visibility":"","ast-main-header-display":"","ast-hfb-above-header-display":"","ast-hfb-below-header-display":"","ast-hfb-mobile-header-display":"","site-post-title":"disabled","ast-breadcrumbs-content":"","ast-featured-img":"","footer-sml-layout":"","ast-disable-related-posts":"","theme-transparent-header-meta":"default","adv-header-id-meta":"","stick-header-meta":"","header-above-stick-meta":"","header-main-stick-meta":"","header-below-stick-meta":"","astra-migrate-meta-layouts":"default","ast-page-background-enabled":"default","ast-page-background-meta":{"desktop":{"background-color":"","background-image":"","background-repeat":"repeat","background-position":"center center","background-size":"auto","background-attachment":"scroll","background-type":"","background-media":"","overlay-type":"","overlay-color":"","overlay-opacity":"","overlay-gradient":""},"tablet":{"background-color":"","background-image":"","background-repeat":"repeat","background-position":"center center","background-size":"auto","background-attachment":"scroll","background-type":"","background-media":"","overlay-type":"","overlay-color":"","overlay-opacity":"","overlay-gradient":""},"mobile":{"background-color":"","background-image":"","background-repeat":"repeat","background-position":"center center","background-size":"auto","background-attachment":"scroll","background-type":"","background-media":"","overlay-type":"","overlay-color":"","overlay-opacity":"","overlay-gradient":""}},"ast-content-background-meta":{"desktop":{"background-color":"var(--ast-global-color-5)","background-image":"","background-repeat":"repeat","background-position":"center center","background-size":"auto","background-attachment":"scroll","background-type":"","background-media":"","overlay-type":"","overlay-color":"","overlay-opacity":"","overlay-gradient":""},"tablet":{"background-color":"var(--ast-global-color-5)","background-image":"","background-repeat":"repeat","background-position":"center center","background-size":"auto","background-attachment":"scroll","background-type":"","background-media":"","overlay-type":"","overlay-color":"","overlay-opacity":"","overlay-gradient":""},"mobile":{"background-color":"var(--ast-global-color-5)","background-image":"","background-repeat":"repeat","background-position":"center center","background-size":"auto","background-attachment":"scroll","background-type":"","background-media":"","overlay-type":"","overlay-color":"","overlay-opacity":"","overlay-gradient":""}},"footnotes":""},"class_list":["post-440","page","type-page","status-publish","hentry"],"featured_image_urls_v2":{"full":"","thumbnail":"","medium":"","medium_large":"","large":"","wpsm_testi_small":"","1536x1536":"","2048x2048":"","trp-custom-language-flag":""},"post_excerpt_stackable_v2":"<p>Paradontologija Znaci i simptomi parodontalnih oboljenja Veoma je va\u017eno znati da mo\u017eete imati neko oboljenje parodoncijuma bez o\u010diglednih simptoma, posebno ukoliko ste pu\u0161a\u010d \u2013 nikotin smanjuje dotok krvi u gingivu, spre\u010dava njeno krvarenje i oticanje i tako maskira realno stanje. Ipak, treba posebno obratiti pa\u017enju na slede\u0107e: \u00b7&nbsp;&nbsp;&nbsp;&nbsp;&nbsp;&nbsp;&nbsp; krvarenje desni&nbsp;\u2013 mi\u0161ljenje je da desni krvare usled grubog pranja zuba. Iako je takav na\u010din pranja lo\u0161 (izme\u0111u ostalog dovodi i do njihovog povla\u010denja), ne bi trebalo da izazove krvarenje. Svaki trag krvi je signal da neki oblik oboljenja postoji. \u00b7&nbsp;&nbsp;&nbsp;&nbsp;&nbsp;&nbsp;&nbsp; neprijatan zadah&nbsp;\u2013 zubni plak se lako mo\u017ee natalo\u017eiti u prostorima izme\u0111u&hellip;<\/p>\n","category_list_v2":"","author_info_v2":{"name":"dentalline","url":"https:\/\/www.dental-line.rs\/en\/author\/dentalline\/"},"comments_num_v2":"0 comments","featured_image_src":null,"aioseo_notices":[],"_links":{"self":[{"href":"https:\/\/www.dental-line.rs\/en\/wp-json\/wp\/v2\/pages\/440","targetHints":{"allow":["GET"]}}],"collection":[{"href":"https:\/\/www.dental-line.rs\/en\/wp-json\/wp\/v2\/pages"}],"about":[{"href":"https:\/\/www.dental-line.rs\/en\/wp-json\/wp\/v2\/types\/page"}],"author":[{"embeddable":true,"href":"https:\/\/www.dental-line.rs\/en\/wp-json\/wp\/v2\/users\/1"}],"replies":[{"embeddable":true,"href":"https:\/\/www.dental-line.rs\/en\/wp-json\/wp\/v2\/comments?post=440"}],"version-history":[{"count":9,"href":"https:\/\/www.dental-line.rs\/en\/wp-json\/wp\/v2\/pages\/440\/revisions"}],"predecessor-version":[{"id":1070,"href":"https:\/\/www.dental-line.rs\/en\/wp-json\/wp\/v2\/pages\/440\/revisions\/1070"}],"wp:attachment":[{"href":"https:\/\/www.dental-line.rs\/en\/wp-json\/wp\/v2\/media?parent=440"}],"curies":[{"name":"wp","href":"https:\/\/api.w.org\/{rel}","templated":true}]}}