{"id":726,"date":"2021-02-14T13:40:47","date_gmt":"2021-02-14T13:40:47","guid":{"rendered":"http:\/\/www.dental-line.rs\/?page_id=726"},"modified":"2024-04-02T07:11:49","modified_gmt":"2024-04-02T07:11:49","slug":"o-nama","status":"publish","type":"page","link":"https:\/\/www.dental-line.rs\/en\/o-nama\/","title":{"rendered":"O nama"},"content":{"rendered":"<div class=\"wp-block-cover\" style=\"min-height:329px;aspect-ratio:unset;\"><span aria-hidden=\"true\" class=\"wp-block-cover__background has-luminous-vivid-amber-background-color has-background-dim\"><\/span><img loading=\"lazy\" decoding=\"async\" width=\"1024\" height=\"768\" class=\"wp-block-cover__image-background wp-image-1197\" alt=\"\" src=\"http:\/\/media1.dental-line.rs\/2024\/04\/20240331_161439-scaled-e1712041891993.jpg\" data-object-fit=\"cover\"\/><div class=\"wp-block-cover__inner-container is-layout-flow wp-block-cover-is-layout-flow\">\n<p class=\"has-text-align-center\" style=\"font-size:40px\">DENTAL LINE<\/p>\n\n\n\n<p class=\"has-text-align-center\" style=\"font-size:32px\">More about us<\/p>\n<\/div><\/div>\n\n\n\n<div class=\"wp-block-ugb-spacer ugb-spacer ugb-8c21a37 ugb-spacer--v2 ugb-main-block\"><div class=\"ugb-inner-block\"><div class=\"ugb-block-content\"><div class=\"ugb-spacer--inner\"><\/div><\/div><\/div><\/div>\n\n\n\n<p class=\"has-text-align-center\" style=\"font-size:31px\"><strong>Dr Jelena Stanisavljevi\u0107 Dragojevi\u0107&nbsp;<\/strong><\/p>\n\n\n\n<p><\/p>\n\n\n\n<figure class=\"wp-block-image alignright size-large is-resized\"><img loading=\"lazy\" decoding=\"async\" width=\"896\" height=\"1024\" src=\"http:\/\/media1.dental-line.rs\/2021\/02\/naslovna-896x1024.jpg\" alt=\"\" class=\"wp-image-692\" style=\"width:299px;height:342px\"\/><\/figure>\n\n\n\n<p class=\"has-medium-font-size\">Osniva\u010d i vlasnik stomatolo\u0161ke ordinacije <strong>Dental Line.<\/strong><\/p>\n\n\n\n<p class=\"has-medium-font-size\">Diplomirala na <strong>Stomatolo\u0161kom fakultetu<\/strong> u Beogradu 2003. godine a od 2005. godine nastavlja rad u privatnoj praksi. <\/p>\n\n\n\n<p class=\"has-medium-font-size\">In 2010, he opened his own practice.<\/p>\n\n\n\n<p class=\"has-medium-font-size\">Dedicated to the treatment of patients, she approaches each patient with special care. In his clinical work, he emphasizes dental diseases, endodontics, prosthetics, aesthetic and pediatric dentistry.<\/p>\n\n\n\n<p class=\"has-medium-font-size\">Continuously educated at seminars and congresses in various fields of dentistry.<\/p>\n\n\n\n<div class=\"wp-block-ugb-spacer ugb-spacer ugb-8dba16c ugb-spacer--v2 ugb-main-block\"><div class=\"ugb-inner-block\"><div class=\"ugb-block-content\"><div class=\"ugb-spacer--inner\"><\/div><\/div><\/div><\/div>\n\n\n\n<p><\/p>","protected":false},"excerpt":{"rendered":"<p>Dr Jelena Stanisavljevi\u0107 Dragojevi\u0107&nbsp; Osniva\u010d i vlasnik stomatolo\u0161ke ordinacije Dental Line. Diplomirala na Stomatolo\u0161kom fakultetu u Beogradu 2003. godine a od 2005. godine nastavlja rad u privatnoj praksi. 2010. godine otvara svoju sopstvenu ordinaciju. Posve\u0107ena le\u010denju pacijenata, svakom pacijentu pristupa sa posebnom pa\u017enjom. U svom klini\u010dkom radu naglasak stavlja na bolesti zuba, endodonciju, protetiku, estetsku [&hellip;]<\/p>\n","protected":false},"author":1,"featured_media":0,"parent":0,"menu_order":0,"comment_status":"closed","ping_status":"closed","template":"","meta":{"om_disable_all_campaigns":false,"_monsterinsights_skip_tracking":false,"_monsterinsights_sitenote_active":false,"_monsterinsights_sitenote_note":"","_monsterinsights_sitenote_category":0,"site-sidebar-layout":"default","site-content-layout":"boxed-container","ast-site-content-layout":"normal-width-container","site-content-style":"boxed","site-sidebar-style":"boxed","ast-global-header-display":"","ast-banner-title-visibility":"","ast-main-header-display":"","ast-hfb-above-header-display":"","ast-hfb-below-header-display":"","ast-hfb-mobile-header-display":"","site-post-title":"disabled","ast-breadcrumbs-content":"","ast-featured-img":"","footer-sml-layout":"","ast-disable-related-posts":"","theme-transparent-header-meta":"default","adv-header-id-meta":"","stick-header-meta":"","header-above-stick-meta":"","header-main-stick-meta":"","header-below-stick-meta":"","astra-migrate-meta-layouts":"set","ast-page-background-enabled":"default","ast-page-background-meta":{"desktop":{"background-color":"","background-image":"","background-repeat":"repeat","background-position":"center center","background-size":"auto","background-attachment":"scroll","background-type":"","background-media":"","overlay-type":"","overlay-color":"","overlay-opacity":"","overlay-gradient":""},"tablet":{"background-color":"","background-image":"","background-repeat":"repeat","background-position":"center center","background-size":"auto","background-attachment":"scroll","background-type":"","background-media":"","overlay-type":"","overlay-color":"","overlay-opacity":"","overlay-gradient":""},"mobile":{"background-color":"","background-image":"","background-repeat":"repeat","background-position":"center center","background-size":"auto","background-attachment":"scroll","background-type":"","background-media":"","overlay-type":"","overlay-color":"","overlay-opacity":"","overlay-gradient":""}},"ast-content-background-meta":{"desktop":{"background-color":"var(--ast-global-color-5)","background-image":"","background-repeat":"repeat","background-position":"center center","background-size":"auto","background-attachment":"scroll","background-type":"","background-media":"","overlay-type":"","overlay-color":"","overlay-opacity":"","overlay-gradient":""},"tablet":{"background-color":"var(--ast-global-color-5)","background-image":"","background-repeat":"repeat","background-position":"center center","background-size":"auto","background-attachment":"scroll","background-type":"","background-media":"","overlay-type":"","overlay-color":"","overlay-opacity":"","overlay-gradient":""},"mobile":{"background-color":"var(--ast-global-color-5)","background-image":"","background-repeat":"repeat","background-position":"center center","background-size":"auto","background-attachment":"scroll","background-type":"","background-media":"","overlay-type":"","overlay-color":"","overlay-opacity":"","overlay-gradient":""}},"footnotes":""},"class_list":["post-726","page","type-page","status-publish","hentry"],"featured_image_urls_v2":{"full":"","thumbnail":"","medium":"","medium_large":"","large":"","wpsm_testi_small":"","1536x1536":"","2048x2048":"","trp-custom-language-flag":""},"post_excerpt_stackable_v2":"<p>DENTAL LINE Par re\u010di o nama Dr Jelena Stanisavljevi\u0107 Dragojevi\u0107&nbsp; Osniva\u010d i vlasnik stomatolo\u0161ke ordinacije Dental Line. Diplomirala na Stomatolo\u0161kom fakultetu u Beogradu 2003. godine a od 2005. godine nastavlja rad u privatnoj praksi. 2010. godine otvara svoju sopstvenu ordinaciju. Posve\u0107ena le\u010denju pacijenata, svakom pacijentu pristupa sa posebnom pa\u017enjom. U svom klini\u010dkom radu naglasak stavlja na bolesti zuba, endodonciju, protetiku, estetsku i de\u010diju stomatologiju. Kontinuirano se edukuje na seminarima i kongresima iz razli\u010diih oblasti stomatologije.<\/p>\n","category_list_v2":"","author_info_v2":{"name":"dentalline","url":"https:\/\/www.dental-line.rs\/en\/author\/dentalline\/"},"comments_num_v2":"0 comments","featured_image_src":null,"aioseo_notices":[],"_links":{"self":[{"href":"https:\/\/www.dental-line.rs\/en\/wp-json\/wp\/v2\/pages\/726","targetHints":{"allow":["GET"]}}],"collection":[{"href":"https:\/\/www.dental-line.rs\/en\/wp-json\/wp\/v2\/pages"}],"about":[{"href":"https:\/\/www.dental-line.rs\/en\/wp-json\/wp\/v2\/types\/page"}],"author":[{"embeddable":true,"href":"https:\/\/www.dental-line.rs\/en\/wp-json\/wp\/v2\/users\/1"}],"replies":[{"embeddable":true,"href":"https:\/\/www.dental-line.rs\/en\/wp-json\/wp\/v2\/comments?post=726"}],"version-history":[{"count":13,"href":"https:\/\/www.dental-line.rs\/en\/wp-json\/wp\/v2\/pages\/726\/revisions"}],"predecessor-version":[{"id":1204,"href":"https:\/\/www.dental-line.rs\/en\/wp-json\/wp\/v2\/pages\/726\/revisions\/1204"}],"wp:attachment":[{"href":"https:\/\/www.dental-line.rs\/en\/wp-json\/wp\/v2\/media?parent=726"}],"curies":[{"name":"wp","href":"https:\/\/api.w.org\/{rel}","templated":true}]}}