{"id":988,"date":"2021-04-08T12:29:27","date_gmt":"2021-04-08T12:29:27","guid":{"rendered":"https:\/\/www.dental-line.rs\/?page_id=988"},"modified":"2021-04-08T14:16:21","modified_gmt":"2021-04-08T14:16:21","slug":"ugovor-o-saradnji","status":"publish","type":"page","link":"https:\/\/www.dental-line.rs\/en\/ugovor-o-saradnji\/","title":{"rendered":"Agreements with companies"},"content":{"rendered":"<h2 class=\"has-text-align-center has-cyan-bluish-gray-background-color has-background wp-block-heading\">Agreements with companies<\/h2>\n\n\n\n<div class=\"wp-block-ugb-divider ugb-divider ugb-cdd7f81 ugb-divider--v2 ugb-divider--design-basic ugb-main-block\"><style>.ugb-cdd7f81 hr.ugb-divider__hr{background-color:#0693e3 !important;width:65% !important;margin-left:auto !important;margin-right:auto !important}<\/style><div class=\"ugb-inner-block\"><div class=\"ugb-block-content\"><hr class=\"ugb-divider__hr\"\/><\/div><\/div><\/div>\n\n\n\n<div class=\"wp-block-cover has-background-dim-30 has-background-dim has-parallax\" style=\"background-image:url(http:\/\/media1.dental-line.rs\/2020\/09\/212-2129355_happy-family-png-happy-family-photo-png-transparent.png);min-height:195px;aspect-ratio:unset;\"><div class=\"wp-block-cover__inner-container is-layout-flow wp-block-cover-is-layout-flow\">\n<p class=\"has-text-align-center has-large-font-size\"><\/p>\n<\/div><\/div>\n\n\n\n<div class=\"wp-block-ugb-spacer ugb-spacer ugb-64361c0 ugb-spacer--v2 ugb-main-block\"><div class=\"ugb-inner-block\"><div class=\"ugb-block-content\"><div class=\"ugb-spacer--inner\"><\/div><\/div><\/div><\/div>\n\n\n\n<p class=\"has-medium-font-size\">Dental practice Dental-Line can offer you a contract for business cooperation regarding regular dental examinations and the performance of all types of dental services through the following models of cooperation:<\/p>\n\n\n\n<ul class=\"has-medium-font-size wp-block-list\"><li>&nbsp;Possibility of deferred payment for up to 6 months, depending on the size of the dental work, through an administrative ban (deduction of funds from the personal income of employees on a monthly basis and payment to the account of the office, until full settlement of the debt).<\/li><\/ul>\n\n\n\n<ul class=\"has-medium-font-size wp-block-list\"><li>The company would pay the agreed amount to the practice on an annual basis. Within this package, employees will be provided with the agreed number and type of dental interventions, while interventions outside the contracted package would be with an additional discount.<\/li><\/ul>\n\n\n\n<ul class=\"has-medium-font-size wp-block-list\"><li>Partial coverage of dental services by the company while the rest of the costs would be covered by the employees themselves.<\/li><\/ul>\n\n\n\n<p class=\"has-medium-font-size\">In this way, you would certainly, as a company, show that you care about the health of your employees, who would thus be more motivated to achieve better performance at work.<\/p>\n\n\n\n<p class=\"has-medium-font-size\"><\/p>","protected":false},"excerpt":{"rendered":"<p>Sklapanje ugovora o poslovnoj saradnji sa firmama Stomatoloska ordinacija Dental-Line Vam mo\u017ee ponuditi ugovor o poslovnoj saradnji a vezano za redovne stomatolo\u0161ke preglede I obavljanje svih vrsta stomatolo\u0161kih usluga preko slede\u0107ih modela saradnje: &nbsp;Mogu\u0107nost odlozenog pla\u0107anja do 6 meseci, u zavisnosti od veli\u010dine stomatolo\u0161kog rada, putem administrativne zabrane (odbijanja sredstava od li\u010dnog dohotka zaposlenih na [&hellip;]<\/p>\n","protected":false},"author":1,"featured_media":0,"parent":0,"menu_order":0,"comment_status":"closed","ping_status":"closed","template":"","meta":{"om_disable_all_campaigns":false,"_monsterinsights_skip_tracking":false,"_monsterinsights_sitenote_active":false,"_monsterinsights_sitenote_note":"","_monsterinsights_sitenote_category":0,"site-sidebar-layout":"default","site-content-layout":"boxed-container","ast-site-content-layout":"default","site-content-style":"default","site-sidebar-style":"default","ast-global-header-display":"","ast-banner-title-visibility":"","ast-main-header-display":"","ast-hfb-above-header-display":"","ast-hfb-below-header-display":"","ast-hfb-mobile-header-display":"","site-post-title":"disabled","ast-breadcrumbs-content":"","ast-featured-img":"","footer-sml-layout":"","ast-disable-related-posts":"","theme-transparent-header-meta":"default","adv-header-id-meta":"","stick-header-meta":"","header-above-stick-meta":"","header-main-stick-meta":"","header-below-stick-meta":"","astra-migrate-meta-layouts":"default","ast-page-background-enabled":"default","ast-page-background-meta":{"desktop":{"background-color":"","background-image":"","background-repeat":"repeat","background-position":"center center","background-size":"auto","background-attachment":"scroll","background-type":"","background-media":"","overlay-type":"","overlay-color":"","overlay-opacity":"","overlay-gradient":""},"tablet":{"background-color":"","background-image":"","background-repeat":"repeat","background-position":"center center","background-size":"auto","background-attachment":"scroll","background-type":"","background-media":"","overlay-type":"","overlay-color":"","overlay-opacity":"","overlay-gradient":""},"mobile":{"background-color":"","background-image":"","background-repeat":"repeat","background-position":"center center","background-size":"auto","background-attachment":"scroll","background-type":"","background-media":"","overlay-type":"","overlay-color":"","overlay-opacity":"","overlay-gradient":""}},"ast-content-background-meta":{"desktop":{"background-color":"var(--ast-global-color-5)","background-image":"","background-repeat":"repeat","background-position":"center center","background-size":"auto","background-attachment":"scroll","background-type":"","background-media":"","overlay-type":"","overlay-color":"","overlay-opacity":"","overlay-gradient":""},"tablet":{"background-color":"var(--ast-global-color-5)","background-image":"","background-repeat":"repeat","background-position":"center center","background-size":"auto","background-attachment":"scroll","background-type":"","background-media":"","overlay-type":"","overlay-color":"","overlay-opacity":"","overlay-gradient":""},"mobile":{"background-color":"var(--ast-global-color-5)","background-image":"","background-repeat":"repeat","background-position":"center center","background-size":"auto","background-attachment":"scroll","background-type":"","background-media":"","overlay-type":"","overlay-color":"","overlay-opacity":"","overlay-gradient":""}},"footnotes":""},"class_list":["post-988","page","type-page","status-publish","hentry"],"featured_image_urls_v2":{"full":"","thumbnail":"","medium":"","medium_large":"","large":"","wpsm_testi_small":"","1536x1536":"","2048x2048":"","trp-custom-language-flag":""},"post_excerpt_stackable_v2":"<p>Sklapanje ugovora o poslovnoj saradnji sa firmama Stomatoloska ordinacija Dental-Line Vam mo\u017ee ponuditi ugovor o poslovnoj saradnji a vezano za redovne stomatolo\u0161ke preglede I obavljanje svih vrsta stomatolo\u0161kih usluga preko slede\u0107ih modela saradnje: &nbsp;Mogu\u0107nost odlozenog pla\u0107anja do 6 meseci, u zavisnosti od veli\u010dine stomatolo\u0161kog rada, putem administrativne zabrane (odbijanja sredstava od li\u010dnog dohotka zaposlenih na mese\u010dnom nivou i upla\u0107ivanje na ra\u010dun ordinacije, do potpunog podmirivanja duga). Firma bi uplatila ugovoreni iznos ordinaciji na godi\u0161njem nivou. U okviru tog paketa zaposlenima \u0107e biti omogu\u0107en dogovoreni broj i vrsta stomatolo\u0161kih intervencija dok bi intervencije van ugovorenog paketa bile uz dodatni popust. Parcijalno&hellip;<\/p>\n","category_list_v2":"","author_info_v2":{"name":"dentalline","url":"https:\/\/www.dental-line.rs\/en\/author\/dentalline\/"},"comments_num_v2":"0 comments","featured_image_src":null,"aioseo_notices":[],"_links":{"self":[{"href":"https:\/\/www.dental-line.rs\/en\/wp-json\/wp\/v2\/pages\/988","targetHints":{"allow":["GET"]}}],"collection":[{"href":"https:\/\/www.dental-line.rs\/en\/wp-json\/wp\/v2\/pages"}],"about":[{"href":"https:\/\/www.dental-line.rs\/en\/wp-json\/wp\/v2\/types\/page"}],"author":[{"embeddable":true,"href":"https:\/\/www.dental-line.rs\/en\/wp-json\/wp\/v2\/users\/1"}],"replies":[{"embeddable":true,"href":"https:\/\/www.dental-line.rs\/en\/wp-json\/wp\/v2\/comments?post=988"}],"version-history":[{"count":3,"href":"https:\/\/www.dental-line.rs\/en\/wp-json\/wp\/v2\/pages\/988\/revisions"}],"predecessor-version":[{"id":995,"href":"https:\/\/www.dental-line.rs\/en\/wp-json\/wp\/v2\/pages\/988\/revisions\/995"}],"wp:attachment":[{"href":"https:\/\/www.dental-line.rs\/en\/wp-json\/wp\/v2\/media?parent=988"}],"curies":[{"name":"wp","href":"https:\/\/api.w.org\/{rel}","templated":true}]}}